{"id":17,"date":"2018-09-11T16:52:15","date_gmt":"2018-09-11T16:52:15","guid":{"rendered":"http:\/\/lasfloristas.orson.ro\/?page_id=17"},"modified":"2022-02-02T21:13:54","modified_gmt":"2022-02-02T21:13:54","slug":"blog-file-de-jurnal-by-elena-anne-marie-florist","status":"publish","type":"page","link":"https:\/\/elenaannemarie.com\/en\/blog-file-de-jurnal-by-elena-anne-marie-florist\/","title":{"rendered":"Jurnal"},"content":{"rendered":"<p>File de Jurnal, este locul unde documentez <a href=\"https:\/\/elenaannemarie.com\/en\/contact-hell0elenaannemarie-com\/\">c\u0103l\u0103toria mea floristic\u0103<\/a>. <\/p>\n\n\n\n<p>Mi-am propus s\u0103 a\u0219tern \u00een aceste file,  dorin\u021bele sufletului c\u00e2t \u0219i <a href=\"https:\/\/elenaannemarie.com\/en\/blog\/\">g\u00e2ndurile cele mai m\u0103re\u021be<\/a> vin s\u0103 v\u0103 bucure pe voi, comunitatea mea.  <\/p>\n\n\n\n<p><\/p>\n\n\n\n<p><strong>\u00cenc\u00e2ntarea pe care via\u021ba mea cotidian\u0103 o poart\u0103 zilnic cu m\u00e2ndrie est<\/strong>e<a href=\"https:\/\/ro.pinterest.com\/business\/hub\/\"> <strong>CREATIVITATEA<\/strong>.<\/a><\/p>\n\n\n\n<p><strong> &#8211; Cel mai mare atu care-mi inspir\u0103 via\u021ba profesional\u0103 &amp; personal\u0103, companioan\u0103 nelipsit\u0103 care-mi ad\u0103poste\u0219te ideile \u0219i g\u00e2ndurile ce mereu le translatez cu aten\u021bie \u0219i grij\u0103 \u00ee<\/strong>n File de Jurnal. <\/p>\n\n\n\n<p>Pentru c\u0103 doresc s\u0103-\u021bi acord aten\u021bie \u00een detaliu, anual, selectez un num\u0103r limitat de nun\u021bi. <\/p>\n\n\n\n<p>A\u0219a cum vei vedea \u0219i din recomand\u0103rile pe care le-am primit p\u00e2n\u0103 \u00een prezent, concep \u0219i realizez aranjamente florale cu minu\u021biozitate.<\/p>\n\n\n\n<p> Buchete, instala\u021bii florale de mari dimensiuni, accesorii sau orice alt\u0103 idee floral\u0103 ambi\u021bioas\u0103, luxuriant\u0103 sau opulent\u0103 vor crea scenografia important pentru cele mai frumoase amintiri din ziua nun\u021bii tale. Totul se va \u00eencadra armonios, a\u0219a cum ai visat!<\/p>\n\n\n\n<p>Stilul meu definitoriu este garden style, tocmai de aceea nun\u021bile tematice alese sunt \u00een armonie cu acest stil, dar totu\u0219i, ideile \u201dout of the box\u201d m\u0103 ambi\u021bioneaz\u0103 \u0219i-mi provoac\u0103 creativitatea.<\/p>\n\n\n\n<p>Anual organizez timp de c\u00e2teva zile un curs de design floral complex. Cursul se adreseaz\u0103 at\u00e2t persoanelor care sunt la \u00eenceput de carier\u0103 \u0219i, \u00een egal\u0103 m\u0103sur\u0103 acelora dintre voi care au deja o carier\u0103 \u00een designul floral. \u00cen consider\u0103 c\u0103 vor s\u0103 se perfec\u021bioneze constant \u0219i s\u0103 rezolve mai mult din tainele acestui job. <\/p>\n\n\n\n<p>Un curs dedicat tuturor celor care doresc s\u0103-\u0219i dezvolte o carier\u0103.<\/p>\n\n\n\n<p>Cursul se desf\u0103\u0219oar\u0103 prim\u0103vara iar participarea este limitat\u0103 la maxim 10 persoan\u0103\/grup\u0103 astfel ca fiecare participant s\u0103 beneficieze de aten\u021bia cuvenit\u0103.<\/p>\n\n\n\n<p><\/p>","protected":false},"excerpt":{"rendered":"<p>File de Jurnal, este locul unde documentez c\u0103l\u0103toria mea floristic\u0103. Mi-am propus s\u0103 a\u0219tern \u00een aceste file, dorin\u021bele sufletului c\u00e2t \u0219i g\u00e2ndurile cele mai m\u0103re\u021be vin s\u0103 v\u0103 bucure pe voi, comunitatea mea. \u00cenc\u00e2ntarea pe care via\u021ba mea cotidian\u0103 o poart\u0103 zilnic cu m\u00e2ndrie este CREATIVITATEA. &#8211; Cel mai mare atu care-mi inspir\u0103 via\u021ba profesional\u0103 [&hellip;]<\/p>","protected":false},"author":1,"featured_media":941,"parent":0,"menu_order":0,"comment_status":"closed","ping_status":"closed","template":"page-blog.php","meta":{"om_disable_all_campaigns":false},"yoast_head":"<!-- This site is optimized with the Yoast SEO plugin v18.0 - https:\/\/yoast.com\/wordpress\/plugins\/seo\/ -->\n<title>File de jurnal - ganduri cu \u0219i despre floristic\u0103. By Elena Anne-Marie.<\/title>\n<meta name=\"description\" content=\"File de Jurnal, este locul unde g\u00e2ndurile cele mai m\u0103re\u021be vin s\u0103 v\u0103 bucure pe voi, comunitatea mea. S\u0103-\u021bi aduc\u0103 inspira\u021bie, asta doresc!\" \/>\n<meta name=\"robots\" content=\"index, follow, max-snippet:-1, max-image-preview:large, max-video-preview:-1\" \/>\n<link rel=\"canonical\" href=\"https:\/\/elenaannemarie.com\/en\/blog-file-de-jurnal-by-elena-anne-marie-florist\/\" \/>\n<meta property=\"og:locale\" content=\"en_US\" \/>\n<meta property=\"og:type\" content=\"article\" \/>\n<meta property=\"og:title\" content=\"File de jurnal - ganduri cu \u0219i despre floristic\u0103. By Elena Anne-Marie.\" \/>\n<meta property=\"og:description\" content=\"File de Jurnal, este locul unde g\u00e2ndurile cele mai m\u0103re\u021be vin s\u0103 v\u0103 bucure pe voi, comunitatea mea. S\u0103-\u021bi aduc\u0103 inspira\u021bie, asta doresc!\" \/>\n<meta property=\"og:url\" content=\"https:\/\/elenaannemarie.com\/en\/blog-file-de-jurnal-by-elena-anne-marie-florist\/\" \/>\n<meta property=\"article:modified_time\" content=\"2022-02-02T21:13:54+00:00\" \/>\n<meta property=\"og:image\" content=\"https:\/\/elenaannemarie.com\/wp-content\/uploads\/2022\/01\/IMG_0609-scaled.jpg\" \/>\n\t<meta property=\"og:image:width\" content=\"1707\" \/>\n\t<meta property=\"og:image:height\" content=\"2560\" \/>\n\t<meta property=\"og:image:type\" content=\"image\/jpeg\" \/>\n<meta name=\"twitter:card\" content=\"summary_large_image\" \/>\n<meta name=\"twitter:label1\" content=\"Est. reading time\" \/>\n\t<meta name=\"twitter:data1\" content=\"2 minutes\" \/>\n<script type=\"application\/ld+json\" class=\"yoast-schema-graph\">{\"@context\":\"https:\/\/schema.org\",\"@graph\":[{\"@type\":[\"Person\",\"Organization\"],\"@id\":\"https:\/\/elenaannemarie.com\/#\/schema\/person\/3167493b3ed5cd2606435f2e478208a9\",\"name\":\"Elena Anne-Marie\",\"image\":{\"@type\":\"ImageObject\",\"@id\":\"https:\/\/elenaannemarie.com\/#personlogo\",\"inLanguage\":\"en-US\",\"url\":\"https:\/\/elenaannemarie.com\/wp-content\/uploads\/2022\/01\/Simple-Botanic-Branch-Line-Hand-Written-Logo-3.jpg\",\"contentUrl\":\"https:\/\/elenaannemarie.com\/wp-content\/uploads\/2022\/01\/Simple-Botanic-Branch-Line-Hand-Written-Logo-3.jpg\",\"width\":500,\"height\":500,\"caption\":\"Elena Anne-Marie\"},\"logo\":{\"@id\":\"https:\/\/elenaannemarie.com\/#personlogo\"}},{\"@type\":\"WebSite\",\"@id\":\"https:\/\/elenaannemarie.com\/#website\",\"url\":\"https:\/\/elenaannemarie.com\/\",\"name\":\"\",\"description\":\"Elena Anne-Marie               florist \",\"publisher\":{\"@id\":\"https:\/\/elenaannemarie.com\/#\/schema\/person\/3167493b3ed5cd2606435f2e478208a9\"},\"potentialAction\":[{\"@type\":\"SearchAction\",\"target\":{\"@type\":\"EntryPoint\",\"urlTemplate\":\"https:\/\/elenaannemarie.com\/?s={search_term_string}\"},\"query-input\":\"required name=search_term_string\"}],\"inLanguage\":\"en-US\"},{\"@type\":\"ImageObject\",\"@id\":\"https:\/\/elenaannemarie.com\/blog-file-de-jurnal-by-elena-anne-marie-florist\/#primaryimage\",\"inLanguage\":\"en-US\",\"url\":\"https:\/\/elenaannemarie.com\/wp-content\/uploads\/2022\/01\/IMG_0609-scaled.jpg\",\"contentUrl\":\"https:\/\/elenaannemarie.com\/wp-content\/uploads\/2022\/01\/IMG_0609-scaled.jpg\",\"width\":1707,\"height\":2560,\"caption\":\"file de jurnal\"},{\"@type\":\"WebPage\",\"@id\":\"https:\/\/elenaannemarie.com\/blog-file-de-jurnal-by-elena-anne-marie-florist\/#webpage\",\"url\":\"https:\/\/elenaannemarie.com\/blog-file-de-jurnal-by-elena-anne-marie-florist\/\",\"name\":\"File de jurnal - ganduri cu \u0219i despre floristic\u0103. By Elena Anne-Marie.\",\"isPartOf\":{\"@id\":\"https:\/\/elenaannemarie.com\/#website\"},\"primaryImageOfPage\":{\"@id\":\"https:\/\/elenaannemarie.com\/blog-file-de-jurnal-by-elena-anne-marie-florist\/#primaryimage\"},\"datePublished\":\"2018-09-11T16:52:15+00:00\",\"dateModified\":\"2022-02-02T21:13:54+00:00\",\"description\":\"File de Jurnal, este locul unde g\u00e2ndurile cele mai m\u0103re\u021be vin s\u0103 v\u0103 bucure pe voi, comunitatea mea. S\u0103-\u021bi aduc\u0103 inspira\u021bie, asta doresc!\",\"breadcrumb\":{\"@id\":\"https:\/\/elenaannemarie.com\/blog-file-de-jurnal-by-elena-anne-marie-florist\/#breadcrumb\"},\"inLanguage\":\"en-US\",\"potentialAction\":[{\"@type\":\"ReadAction\",\"target\":[\"https:\/\/elenaannemarie.com\/blog-file-de-jurnal-by-elena-anne-marie-florist\/\"]}]},{\"@type\":\"BreadcrumbList\",\"@id\":\"https:\/\/elenaannemarie.com\/blog-file-de-jurnal-by-elena-anne-marie-florist\/#breadcrumb\",\"itemListElement\":[{\"@type\":\"ListItem\",\"position\":1,\"name\":\"Home\",\"item\":\"https:\/\/elenaannemarie.com\/\"},{\"@type\":\"ListItem\",\"position\":2,\"name\":\"Jurnal\"}]}]}<\/script>\n<!-- \/ Yoast SEO plugin. -->","yoast_head_json":{"title":"File de jurnal - ganduri cu \u0219i despre floristic\u0103. By Elena Anne-Marie.","description":"File de Jurnal, este locul unde g\u00e2ndurile cele mai m\u0103re\u021be vin s\u0103 v\u0103 bucure pe voi, comunitatea mea. S\u0103-\u021bi aduc\u0103 inspira\u021bie, asta doresc!","robots":{"index":"index","follow":"follow","max-snippet":"max-snippet:-1","max-image-preview":"max-image-preview:large","max-video-preview":"max-video-preview:-1"},"canonical":"https:\/\/elenaannemarie.com\/en\/blog-file-de-jurnal-by-elena-anne-marie-florist\/","og_locale":"en_US","og_type":"article","og_title":"File de jurnal - ganduri cu \u0219i despre floristic\u0103. By Elena Anne-Marie.","og_description":"File de Jurnal, este locul unde g\u00e2ndurile cele mai m\u0103re\u021be vin s\u0103 v\u0103 bucure pe voi, comunitatea mea. S\u0103-\u021bi aduc\u0103 inspira\u021bie, asta doresc!","og_url":"https:\/\/elenaannemarie.com\/en\/blog-file-de-jurnal-by-elena-anne-marie-florist\/","article_modified_time":"2022-02-02T21:13:54+00:00","og_image":[{"width":1707,"height":2560,"url":"https:\/\/elenaannemarie.com\/wp-content\/uploads\/2022\/01\/IMG_0609-scaled.jpg","type":"image\/jpeg"}],"twitter_card":"summary_large_image","twitter_misc":{"Est. reading time":"2 minutes"},"schema":{"@context":"https:\/\/schema.org","@graph":[{"@type":["Person","Organization"],"@id":"https:\/\/elenaannemarie.com\/#\/schema\/person\/3167493b3ed5cd2606435f2e478208a9","name":"Elena Anne-Marie","image":{"@type":"ImageObject","@id":"https:\/\/elenaannemarie.com\/#personlogo","inLanguage":"en-US","url":"https:\/\/elenaannemarie.com\/wp-content\/uploads\/2022\/01\/Simple-Botanic-Branch-Line-Hand-Written-Logo-3.jpg","contentUrl":"https:\/\/elenaannemarie.com\/wp-content\/uploads\/2022\/01\/Simple-Botanic-Branch-Line-Hand-Written-Logo-3.jpg","width":500,"height":500,"caption":"Elena Anne-Marie"},"logo":{"@id":"https:\/\/elenaannemarie.com\/#personlogo"}},{"@type":"WebSite","@id":"https:\/\/elenaannemarie.com\/#website","url":"https:\/\/elenaannemarie.com\/","name":"","description":"Elena Anne-Marie               florist ","publisher":{"@id":"https:\/\/elenaannemarie.com\/#\/schema\/person\/3167493b3ed5cd2606435f2e478208a9"},"potentialAction":[{"@type":"SearchAction","target":{"@type":"EntryPoint","urlTemplate":"https:\/\/elenaannemarie.com\/?s={search_term_string}"},"query-input":"required name=search_term_string"}],"inLanguage":"en-US"},{"@type":"ImageObject","@id":"https:\/\/elenaannemarie.com\/blog-file-de-jurnal-by-elena-anne-marie-florist\/#primaryimage","inLanguage":"en-US","url":"https:\/\/elenaannemarie.com\/wp-content\/uploads\/2022\/01\/IMG_0609-scaled.jpg","contentUrl":"https:\/\/elenaannemarie.com\/wp-content\/uploads\/2022\/01\/IMG_0609-scaled.jpg","width":1707,"height":2560,"caption":"file de jurnal"},{"@type":"WebPage","@id":"https:\/\/elenaannemarie.com\/blog-file-de-jurnal-by-elena-anne-marie-florist\/#webpage","url":"https:\/\/elenaannemarie.com\/blog-file-de-jurnal-by-elena-anne-marie-florist\/","name":"File de jurnal - ganduri cu \u0219i despre floristic\u0103. By Elena Anne-Marie.","isPartOf":{"@id":"https:\/\/elenaannemarie.com\/#website"},"primaryImageOfPage":{"@id":"https:\/\/elenaannemarie.com\/blog-file-de-jurnal-by-elena-anne-marie-florist\/#primaryimage"},"datePublished":"2018-09-11T16:52:15+00:00","dateModified":"2022-02-02T21:13:54+00:00","description":"File de Jurnal, este locul unde g\u00e2ndurile cele mai m\u0103re\u021be vin s\u0103 v\u0103 bucure pe voi, comunitatea mea. S\u0103-\u021bi aduc\u0103 inspira\u021bie, asta doresc!","breadcrumb":{"@id":"https:\/\/elenaannemarie.com\/blog-file-de-jurnal-by-elena-anne-marie-florist\/#breadcrumb"},"inLanguage":"en-US","potentialAction":[{"@type":"ReadAction","target":["https:\/\/elenaannemarie.com\/blog-file-de-jurnal-by-elena-anne-marie-florist\/"]}]},{"@type":"BreadcrumbList","@id":"https:\/\/elenaannemarie.com\/blog-file-de-jurnal-by-elena-anne-marie-florist\/#breadcrumb","itemListElement":[{"@type":"ListItem","position":1,"name":"Home","item":"https:\/\/elenaannemarie.com\/"},{"@type":"ListItem","position":2,"name":"Jurnal"}]}]}},"_links":{"self":[{"href":"https:\/\/elenaannemarie.com\/en\/wp-json\/wp\/v2\/pages\/17"}],"collection":[{"href":"https:\/\/elenaannemarie.com\/en\/wp-json\/wp\/v2\/pages"}],"about":[{"href":"https:\/\/elenaannemarie.com\/en\/wp-json\/wp\/v2\/types\/page"}],"author":[{"embeddable":true,"href":"https:\/\/elenaannemarie.com\/en\/wp-json\/wp\/v2\/users\/1"}],"replies":[{"embeddable":true,"href":"https:\/\/elenaannemarie.com\/en\/wp-json\/wp\/v2\/comments?post=17"}],"version-history":[{"count":4,"href":"https:\/\/elenaannemarie.com\/en\/wp-json\/wp\/v2\/pages\/17\/revisions"}],"predecessor-version":[{"id":1002,"href":"https:\/\/elenaannemarie.com\/en\/wp-json\/wp\/v2\/pages\/17\/revisions\/1002"}],"wp:featuredmedia":[{"embeddable":true,"href":"https:\/\/elenaannemarie.com\/en\/wp-json\/wp\/v2\/media\/941"}],"wp:attachment":[{"href":"https:\/\/elenaannemarie.com\/en\/wp-json\/wp\/v2\/media?parent=17"}],"curies":[{"name":"wp","href":"https:\/\/api.w.org\/{rel}","templated":true}]}}