{"id":10,"date":"2018-09-11T16:50:27","date_gmt":"2018-09-11T16:50:27","guid":{"rendered":"http:\/\/lasfloristas.orson.ro\/?page_id=10"},"modified":"2022-06-14T06:38:36","modified_gmt":"2022-06-14T06:38:36","slug":"home-creativitatea-incantare-pe-care-viata-mea-cotidiana-o-poarta-zilnic","status":"publish","type":"page","link":"https:\/\/elenaannemarie.com\/ro\/","title":{"rendered":"Home"},"content":{"rendered":"\n<p><strong>Draga mea, \u00eenc\u00e2ntarea pe care via\u021ba mea cotidian\u0103 o poart\u0103 zilnic cu m\u00e2ndrie este CREATIVITATEA &#8211; cel mai mare atu care-mi inspir\u0103 via\u021ba profesional\u0103 &amp; personal\u0103, companioan\u0103 nelipsit\u0103 care-mi ad\u0103poste\u0219te <a href=\"https:\/\/ro.pinterest.com\/business\/hub\/\">ideile<\/a> \u0219i g\u00e2ndurile ce mereu le translatez cu aten\u021bie \u0219i grij\u0103 \u00een <a href=\"https:\/\/elenaannemarie.com\/ro\/\">agend\u0103.<\/a><\/strong><\/p>\n","protected":false},"excerpt":{"rendered":"<p>Draga mea, \u00eenc\u00e2ntarea pe care via\u021ba mea cotidian\u0103 o poart\u0103 zilnic cu m\u00e2ndrie este CREATIVITATEA &#8211; cel mai mare atu care-mi inspir\u0103 via\u021ba profesional\u0103 &amp; personal\u0103, companioan\u0103 nelipsit\u0103 care-mi ad\u0103poste\u0219te ideile \u0219i g\u00e2ndurile ce mereu le translatez cu aten\u021bie \u0219i grij\u0103 \u00een agend\u0103.<\/p>\n","protected":false},"author":1,"featured_media":996,"parent":0,"menu_order":0,"comment_status":"closed","ping_status":"closed","template":"index.php","meta":{"om_disable_all_campaigns":false},"yoast_head":"<!-- This site is optimized with the Yoast SEO plugin v18.0 - https:\/\/yoast.com\/wordpress\/plugins\/seo\/ -->\n<title>Home : of Elena Anne-Marie florist - creativitatea<\/title>\n<meta name=\"description\" content=\"CREATIVITATEA - cel mai mare atu care-mi inspir\u0103 via\u021ba profesional\u0103 \u0219i personal\u0103. Este \u00eenc\u00e2ntarea vie\u021bii mele cotidiene\" \/>\n<meta name=\"robots\" content=\"index, follow, max-snippet:-1, max-image-preview:large, max-video-preview:-1\" \/>\n<link rel=\"canonical\" href=\"https:\/\/elenaannemarie.com\/ro\/\" \/>\n<meta property=\"og:locale\" content=\"ro_RO\" \/>\n<meta property=\"og:type\" content=\"article\" \/>\n<meta property=\"og:title\" content=\"Home : of Elena Anne-Marie florist - creativitatea\" \/>\n<meta property=\"og:description\" content=\"CREATIVITATEA - cel mai mare atu care-mi inspir\u0103 via\u021ba profesional\u0103 \u0219i personal\u0103. Este \u00eenc\u00e2ntarea vie\u021bii mele cotidiene\" \/>\n<meta property=\"og:url\" content=\"https:\/\/elenaannemarie.com\/ro\/\" \/>\n<meta property=\"article:modified_time\" content=\"2022-06-14T06:38:36+00:00\" \/>\n<meta property=\"og:image\" content=\"https:\/\/elenaannemarie.com\/wp-content\/uploads\/2022\/01\/Simple-Botanic-Branch-Line-Hand-Written-Logo-3.jpg\" \/>\n\t<meta property=\"og:image:width\" content=\"500\" \/>\n\t<meta property=\"og:image:height\" content=\"500\" \/>\n\t<meta property=\"og:image:type\" content=\"image\/jpeg\" \/>\n<meta name=\"twitter:card\" content=\"summary_large_image\" \/>\n<meta name=\"twitter:label1\" content=\"Timp estimat pentru citire\" \/>\n\t<meta name=\"twitter:data1\" content=\"1 minut\" \/>\n<script type=\"application\/ld+json\" class=\"yoast-schema-graph\">{\"@context\":\"https:\/\/schema.org\",\"@graph\":[{\"@type\":[\"Person\",\"Organization\"],\"@id\":\"https:\/\/elenaannemarie.com\/#\/schema\/person\/3167493b3ed5cd2606435f2e478208a9\",\"name\":\"Elena Anne-Marie\",\"image\":{\"@type\":\"ImageObject\",\"@id\":\"https:\/\/elenaannemarie.com\/#personlogo\",\"inLanguage\":\"ro-RO\",\"url\":\"https:\/\/elenaannemarie.com\/wp-content\/uploads\/2022\/01\/Simple-Botanic-Branch-Line-Hand-Written-Logo-3.jpg\",\"contentUrl\":\"https:\/\/elenaannemarie.com\/wp-content\/uploads\/2022\/01\/Simple-Botanic-Branch-Line-Hand-Written-Logo-3.jpg\",\"width\":500,\"height\":500,\"caption\":\"Elena Anne-Marie\"},\"logo\":{\"@id\":\"https:\/\/elenaannemarie.com\/#personlogo\"}},{\"@type\":\"WebSite\",\"@id\":\"https:\/\/elenaannemarie.com\/#website\",\"url\":\"https:\/\/elenaannemarie.com\/\",\"name\":\"\",\"description\":\"Elena Anne-Marie               florist \",\"publisher\":{\"@id\":\"https:\/\/elenaannemarie.com\/#\/schema\/person\/3167493b3ed5cd2606435f2e478208a9\"},\"potentialAction\":[{\"@type\":\"SearchAction\",\"target\":{\"@type\":\"EntryPoint\",\"urlTemplate\":\"https:\/\/elenaannemarie.com\/?s={search_term_string}\"},\"query-input\":\"required name=search_term_string\"}],\"inLanguage\":\"ro-RO\"},{\"@type\":\"ImageObject\",\"@id\":\"https:\/\/elenaannemarie.com\/#primaryimage\",\"inLanguage\":\"ro-RO\",\"url\":\"https:\/\/elenaannemarie.com\/wp-content\/uploads\/2022\/01\/Simple-Botanic-Branch-Line-Hand-Written-Logo-3.jpg\",\"contentUrl\":\"https:\/\/elenaannemarie.com\/wp-content\/uploads\/2022\/01\/Simple-Botanic-Branch-Line-Hand-Written-Logo-3.jpg\",\"width\":500,\"height\":500,\"caption\":\"creativitatea\"},{\"@type\":\"WebPage\",\"@id\":\"https:\/\/elenaannemarie.com\/#webpage\",\"url\":\"https:\/\/elenaannemarie.com\/\",\"name\":\"Home : of Elena Anne-Marie florist - creativitatea\",\"isPartOf\":{\"@id\":\"https:\/\/elenaannemarie.com\/#website\"},\"primaryImageOfPage\":{\"@id\":\"https:\/\/elenaannemarie.com\/#primaryimage\"},\"datePublished\":\"2018-09-11T16:50:27+00:00\",\"dateModified\":\"2022-06-14T06:38:36+00:00\",\"description\":\"CREATIVITATEA - cel mai mare atu care-mi inspir\u0103 via\u021ba profesional\u0103 \u0219i personal\u0103. Este \u00eenc\u00e2ntarea vie\u021bii mele cotidiene\",\"breadcrumb\":{\"@id\":\"https:\/\/elenaannemarie.com\/#breadcrumb\"},\"inLanguage\":\"ro-RO\",\"potentialAction\":[{\"@type\":\"ReadAction\",\"target\":[\"https:\/\/elenaannemarie.com\/\"]}]},{\"@type\":\"BreadcrumbList\",\"@id\":\"https:\/\/elenaannemarie.com\/#breadcrumb\",\"itemListElement\":[{\"@type\":\"ListItem\",\"position\":1,\"name\":\"Home\",\"item\":\"https:\/\/elenaannemarie.com\/\"},{\"@type\":\"ListItem\",\"position\":2,\"name\":\"Home\"}]}]}<\/script>\n<!-- \/ Yoast SEO plugin. -->","yoast_head_json":{"title":"Home : of Elena Anne-Marie florist - creativitatea","description":"CREATIVITATEA - cel mai mare atu care-mi inspir\u0103 via\u021ba profesional\u0103 \u0219i personal\u0103. Este \u00eenc\u00e2ntarea vie\u021bii mele cotidiene","robots":{"index":"index","follow":"follow","max-snippet":"max-snippet:-1","max-image-preview":"max-image-preview:large","max-video-preview":"max-video-preview:-1"},"canonical":"https:\/\/elenaannemarie.com\/ro\/","og_locale":"ro_RO","og_type":"article","og_title":"Home : of Elena Anne-Marie florist - creativitatea","og_description":"CREATIVITATEA - cel mai mare atu care-mi inspir\u0103 via\u021ba profesional\u0103 \u0219i personal\u0103. Este \u00eenc\u00e2ntarea vie\u021bii mele cotidiene","og_url":"https:\/\/elenaannemarie.com\/ro\/","article_modified_time":"2022-06-14T06:38:36+00:00","og_image":[{"width":500,"height":500,"url":"https:\/\/elenaannemarie.com\/wp-content\/uploads\/2022\/01\/Simple-Botanic-Branch-Line-Hand-Written-Logo-3.jpg","type":"image\/jpeg"}],"twitter_card":"summary_large_image","twitter_misc":{"Timp estimat pentru citire":"1 minut"},"schema":{"@context":"https:\/\/schema.org","@graph":[{"@type":["Person","Organization"],"@id":"https:\/\/elenaannemarie.com\/#\/schema\/person\/3167493b3ed5cd2606435f2e478208a9","name":"Elena Anne-Marie","image":{"@type":"ImageObject","@id":"https:\/\/elenaannemarie.com\/#personlogo","inLanguage":"ro-RO","url":"https:\/\/elenaannemarie.com\/wp-content\/uploads\/2022\/01\/Simple-Botanic-Branch-Line-Hand-Written-Logo-3.jpg","contentUrl":"https:\/\/elenaannemarie.com\/wp-content\/uploads\/2022\/01\/Simple-Botanic-Branch-Line-Hand-Written-Logo-3.jpg","width":500,"height":500,"caption":"Elena Anne-Marie"},"logo":{"@id":"https:\/\/elenaannemarie.com\/#personlogo"}},{"@type":"WebSite","@id":"https:\/\/elenaannemarie.com\/#website","url":"https:\/\/elenaannemarie.com\/","name":"","description":"Elena Anne-Marie               florist ","publisher":{"@id":"https:\/\/elenaannemarie.com\/#\/schema\/person\/3167493b3ed5cd2606435f2e478208a9"},"potentialAction":[{"@type":"SearchAction","target":{"@type":"EntryPoint","urlTemplate":"https:\/\/elenaannemarie.com\/?s={search_term_string}"},"query-input":"required name=search_term_string"}],"inLanguage":"ro-RO"},{"@type":"ImageObject","@id":"https:\/\/elenaannemarie.com\/#primaryimage","inLanguage":"ro-RO","url":"https:\/\/elenaannemarie.com\/wp-content\/uploads\/2022\/01\/Simple-Botanic-Branch-Line-Hand-Written-Logo-3.jpg","contentUrl":"https:\/\/elenaannemarie.com\/wp-content\/uploads\/2022\/01\/Simple-Botanic-Branch-Line-Hand-Written-Logo-3.jpg","width":500,"height":500,"caption":"creativitatea"},{"@type":"WebPage","@id":"https:\/\/elenaannemarie.com\/#webpage","url":"https:\/\/elenaannemarie.com\/","name":"Home : of Elena Anne-Marie florist - creativitatea","isPartOf":{"@id":"https:\/\/elenaannemarie.com\/#website"},"primaryImageOfPage":{"@id":"https:\/\/elenaannemarie.com\/#primaryimage"},"datePublished":"2018-09-11T16:50:27+00:00","dateModified":"2022-06-14T06:38:36+00:00","description":"CREATIVITATEA - cel mai mare atu care-mi inspir\u0103 via\u021ba profesional\u0103 \u0219i personal\u0103. Este \u00eenc\u00e2ntarea vie\u021bii mele cotidiene","breadcrumb":{"@id":"https:\/\/elenaannemarie.com\/#breadcrumb"},"inLanguage":"ro-RO","potentialAction":[{"@type":"ReadAction","target":["https:\/\/elenaannemarie.com\/"]}]},{"@type":"BreadcrumbList","@id":"https:\/\/elenaannemarie.com\/#breadcrumb","itemListElement":[{"@type":"ListItem","position":1,"name":"Home","item":"https:\/\/elenaannemarie.com\/"},{"@type":"ListItem","position":2,"name":"Home"}]}]}},"_links":{"self":[{"href":"https:\/\/elenaannemarie.com\/ro\/wp-json\/wp\/v2\/pages\/10"}],"collection":[{"href":"https:\/\/elenaannemarie.com\/ro\/wp-json\/wp\/v2\/pages"}],"about":[{"href":"https:\/\/elenaannemarie.com\/ro\/wp-json\/wp\/v2\/types\/page"}],"author":[{"embeddable":true,"href":"https:\/\/elenaannemarie.com\/ro\/wp-json\/wp\/v2\/users\/1"}],"replies":[{"embeddable":true,"href":"https:\/\/elenaannemarie.com\/ro\/wp-json\/wp\/v2\/comments?post=10"}],"version-history":[{"count":35,"href":"https:\/\/elenaannemarie.com\/ro\/wp-json\/wp\/v2\/pages\/10\/revisions"}],"predecessor-version":[{"id":1147,"href":"https:\/\/elenaannemarie.com\/ro\/wp-json\/wp\/v2\/pages\/10\/revisions\/1147"}],"wp:featuredmedia":[{"embeddable":true,"href":"https:\/\/elenaannemarie.com\/ro\/wp-json\/wp\/v2\/media\/996"}],"wp:attachment":[{"href":"https:\/\/elenaannemarie.com\/ro\/wp-json\/wp\/v2\/media?parent=10"}],"curies":[{"name":"wp","href":"https:\/\/api.w.org\/{rel}","templated":true}]}}