{"id":15,"date":"2018-09-11T16:51:41","date_gmt":"2018-09-11T16:51:41","guid":{"rendered":"http:\/\/lasfloristas.orson.ro\/?page_id=15"},"modified":"2022-06-23T04:54:52","modified_gmt":"2022-06-23T04:54:52","slug":"portofoliu-elena-anne-marie","status":"publish","type":"page","link":"https:\/\/elenaannemarie.com\/ro\/portofoliu-elena-anne-marie\/","title":{"rendered":"Portofoliu"},"content":{"rendered":"","protected":false},"excerpt":{"rendered":"","protected":false},"author":1,"featured_media":0,"parent":0,"menu_order":0,"comment_status":"closed","ping_status":"closed","template":"page-portfolio.php","meta":{"om_disable_all_campaigns":false},"yoast_head":"<!-- This site is optimized with the Yoast SEO plugin v18.0 - https:\/\/yoast.com\/wordpress\/plugins\/seo\/ -->\n<title>Portofoliu- Elena Anne-Marie florist<\/title>\n<meta name=\"description\" content=\"Descoper\u0103 portofoliu Elena Anne-Marie, cu evenimente at\u00e2t \u00een Romania c\u00e2t \u0219i peste grani\u021be. R\u0103m\u00e2i la curent \u0219i prin social media.\" \/>\n<meta name=\"robots\" content=\"index, follow, max-snippet:-1, max-image-preview:large, max-video-preview:-1\" \/>\n<link rel=\"canonical\" href=\"https:\/\/elenaannemarie.com\/ro\/portofoliu-elena-anne-marie\/\" \/>\n<meta property=\"og:locale\" content=\"ro_RO\" \/>\n<meta property=\"og:type\" content=\"article\" \/>\n<meta property=\"og:title\" content=\"Portofoliu- Elena Anne-Marie florist\" \/>\n<meta property=\"og:description\" content=\"Descoper\u0103 portofoliu Elena Anne-Marie, cu evenimente at\u00e2t \u00een Romania c\u00e2t \u0219i peste grani\u021be. R\u0103m\u00e2i la curent \u0219i prin social media.\" \/>\n<meta property=\"og:url\" content=\"https:\/\/elenaannemarie.com\/ro\/portofoliu-elena-anne-marie\/\" \/>\n<meta property=\"article:modified_time\" content=\"2022-06-23T04:54:52+00:00\" \/>\n<meta name=\"twitter:card\" content=\"summary_large_image\" \/>\n<script type=\"application\/ld+json\" class=\"yoast-schema-graph\">{\"@context\":\"https:\/\/schema.org\",\"@graph\":[{\"@type\":[\"Person\",\"Organization\"],\"@id\":\"https:\/\/elenaannemarie.com\/#\/schema\/person\/3167493b3ed5cd2606435f2e478208a9\",\"name\":\"Elena Anne-Marie\",\"image\":{\"@type\":\"ImageObject\",\"@id\":\"https:\/\/elenaannemarie.com\/#personlogo\",\"inLanguage\":\"ro-RO\",\"url\":\"https:\/\/elenaannemarie.com\/wp-content\/uploads\/2022\/01\/Simple-Botanic-Branch-Line-Hand-Written-Logo-3.jpg\",\"contentUrl\":\"https:\/\/elenaannemarie.com\/wp-content\/uploads\/2022\/01\/Simple-Botanic-Branch-Line-Hand-Written-Logo-3.jpg\",\"width\":500,\"height\":500,\"caption\":\"Elena Anne-Marie\"},\"logo\":{\"@id\":\"https:\/\/elenaannemarie.com\/#personlogo\"}},{\"@type\":\"WebSite\",\"@id\":\"https:\/\/elenaannemarie.com\/#website\",\"url\":\"https:\/\/elenaannemarie.com\/\",\"name\":\"\",\"description\":\"Elena Anne-Marie               florist \",\"publisher\":{\"@id\":\"https:\/\/elenaannemarie.com\/#\/schema\/person\/3167493b3ed5cd2606435f2e478208a9\"},\"potentialAction\":[{\"@type\":\"SearchAction\",\"target\":{\"@type\":\"EntryPoint\",\"urlTemplate\":\"https:\/\/elenaannemarie.com\/?s={search_term_string}\"},\"query-input\":\"required name=search_term_string\"}],\"inLanguage\":\"ro-RO\"},{\"@type\":\"WebPage\",\"@id\":\"https:\/\/elenaannemarie.com\/portofoliu-elena-anne-marie\/#webpage\",\"url\":\"https:\/\/elenaannemarie.com\/portofoliu-elena-anne-marie\/\",\"name\":\"Portofoliu- Elena Anne-Marie florist\",\"isPartOf\":{\"@id\":\"https:\/\/elenaannemarie.com\/#website\"},\"datePublished\":\"2018-09-11T16:51:41+00:00\",\"dateModified\":\"2022-06-23T04:54:52+00:00\",\"description\":\"Descoper\u0103 portofoliu Elena Anne-Marie, cu evenimente at\u00e2t \u00een Romania c\u00e2t \u0219i peste grani\u021be. R\u0103m\u00e2i la curent \u0219i prin social media.\",\"breadcrumb\":{\"@id\":\"https:\/\/elenaannemarie.com\/portofoliu-elena-anne-marie\/#breadcrumb\"},\"inLanguage\":\"ro-RO\",\"potentialAction\":[{\"@type\":\"ReadAction\",\"target\":[\"https:\/\/elenaannemarie.com\/portofoliu-elena-anne-marie\/\"]}]},{\"@type\":\"BreadcrumbList\",\"@id\":\"https:\/\/elenaannemarie.com\/portofoliu-elena-anne-marie\/#breadcrumb\",\"itemListElement\":[{\"@type\":\"ListItem\",\"position\":1,\"name\":\"Home\",\"item\":\"https:\/\/elenaannemarie.com\/\"},{\"@type\":\"ListItem\",\"position\":2,\"name\":\"Portofoliu\"}]}]}<\/script>\n<!-- \/ Yoast SEO plugin. -->","yoast_head_json":{"title":"Portofoliu- Elena Anne-Marie florist","description":"Descoper\u0103 portofoliu Elena Anne-Marie, cu evenimente at\u00e2t \u00een Romania c\u00e2t \u0219i peste grani\u021be. R\u0103m\u00e2i la curent \u0219i prin social media.","robots":{"index":"index","follow":"follow","max-snippet":"max-snippet:-1","max-image-preview":"max-image-preview:large","max-video-preview":"max-video-preview:-1"},"canonical":"https:\/\/elenaannemarie.com\/ro\/portofoliu-elena-anne-marie\/","og_locale":"ro_RO","og_type":"article","og_title":"Portofoliu- Elena Anne-Marie florist","og_description":"Descoper\u0103 portofoliu Elena Anne-Marie, cu evenimente at\u00e2t \u00een Romania c\u00e2t \u0219i peste grani\u021be. R\u0103m\u00e2i la curent \u0219i prin social media.","og_url":"https:\/\/elenaannemarie.com\/ro\/portofoliu-elena-anne-marie\/","article_modified_time":"2022-06-23T04:54:52+00:00","twitter_card":"summary_large_image","schema":{"@context":"https:\/\/schema.org","@graph":[{"@type":["Person","Organization"],"@id":"https:\/\/elenaannemarie.com\/#\/schema\/person\/3167493b3ed5cd2606435f2e478208a9","name":"Elena Anne-Marie","image":{"@type":"ImageObject","@id":"https:\/\/elenaannemarie.com\/#personlogo","inLanguage":"ro-RO","url":"https:\/\/elenaannemarie.com\/wp-content\/uploads\/2022\/01\/Simple-Botanic-Branch-Line-Hand-Written-Logo-3.jpg","contentUrl":"https:\/\/elenaannemarie.com\/wp-content\/uploads\/2022\/01\/Simple-Botanic-Branch-Line-Hand-Written-Logo-3.jpg","width":500,"height":500,"caption":"Elena Anne-Marie"},"logo":{"@id":"https:\/\/elenaannemarie.com\/#personlogo"}},{"@type":"WebSite","@id":"https:\/\/elenaannemarie.com\/#website","url":"https:\/\/elenaannemarie.com\/","name":"","description":"Elena Anne-Marie               florist ","publisher":{"@id":"https:\/\/elenaannemarie.com\/#\/schema\/person\/3167493b3ed5cd2606435f2e478208a9"},"potentialAction":[{"@type":"SearchAction","target":{"@type":"EntryPoint","urlTemplate":"https:\/\/elenaannemarie.com\/?s={search_term_string}"},"query-input":"required name=search_term_string"}],"inLanguage":"ro-RO"},{"@type":"WebPage","@id":"https:\/\/elenaannemarie.com\/portofoliu-elena-anne-marie\/#webpage","url":"https:\/\/elenaannemarie.com\/portofoliu-elena-anne-marie\/","name":"Portofoliu- Elena Anne-Marie florist","isPartOf":{"@id":"https:\/\/elenaannemarie.com\/#website"},"datePublished":"2018-09-11T16:51:41+00:00","dateModified":"2022-06-23T04:54:52+00:00","description":"Descoper\u0103 portofoliu Elena Anne-Marie, cu evenimente at\u00e2t \u00een Romania c\u00e2t \u0219i peste grani\u021be. R\u0103m\u00e2i la curent \u0219i prin social media.","breadcrumb":{"@id":"https:\/\/elenaannemarie.com\/portofoliu-elena-anne-marie\/#breadcrumb"},"inLanguage":"ro-RO","potentialAction":[{"@type":"ReadAction","target":["https:\/\/elenaannemarie.com\/portofoliu-elena-anne-marie\/"]}]},{"@type":"BreadcrumbList","@id":"https:\/\/elenaannemarie.com\/portofoliu-elena-anne-marie\/#breadcrumb","itemListElement":[{"@type":"ListItem","position":1,"name":"Home","item":"https:\/\/elenaannemarie.com\/"},{"@type":"ListItem","position":2,"name":"Portofoliu"}]}]}},"_links":{"self":[{"href":"https:\/\/elenaannemarie.com\/ro\/wp-json\/wp\/v2\/pages\/15"}],"collection":[{"href":"https:\/\/elenaannemarie.com\/ro\/wp-json\/wp\/v2\/pages"}],"about":[{"href":"https:\/\/elenaannemarie.com\/ro\/wp-json\/wp\/v2\/types\/page"}],"author":[{"embeddable":true,"href":"https:\/\/elenaannemarie.com\/ro\/wp-json\/wp\/v2\/users\/1"}],"replies":[{"embeddable":true,"href":"https:\/\/elenaannemarie.com\/ro\/wp-json\/wp\/v2\/comments?post=15"}],"version-history":[{"count":6,"href":"https:\/\/elenaannemarie.com\/ro\/wp-json\/wp\/v2\/pages\/15\/revisions"}],"predecessor-version":[{"id":993,"href":"https:\/\/elenaannemarie.com\/ro\/wp-json\/wp\/v2\/pages\/15\/revisions\/993"}],"wp:attachment":[{"href":"https:\/\/elenaannemarie.com\/ro\/wp-json\/wp\/v2\/media?parent=15"}],"curies":[{"name":"wp","href":"https:\/\/api.w.org\/{rel}","templated":true}]}}